{"id":179,"date":"2019-02-13T17:01:05","date_gmt":"2019-02-13T09:01:05","guid":{"rendered":"http:\/\/120.77.248.125\/?page_id=179"},"modified":"2026-03-13T15:33:35","modified_gmt":"2026-03-13T07:33:35","slug":"publications","status":"publish","type":"page","link":"https:\/\/www.feng-lab.com\/?page_id=179","title":{"rendered":"Publications"},"content":{"rendered":"\t\t<div data-elementor-type=\"wp-post\" data-elementor-id=\"179\" class=\"elementor elementor-179\">\n\t\t\t\t\t\t<section class=\"elementor-section elementor-top-section elementor-element elementor-element-b71e327 elementor-section-boxed elementor-section-height-default elementor-section-height-default\" data-id=\"b71e327\" data-element_type=\"section\">\n\t\t\t\t\t\t<div class=\"elementor-container elementor-column-gap-default\">\n\t\t\t\t\t<div class=\"elementor-column elementor-col-100 elementor-top-column elementor-element elementor-element-cbc0eac\" data-id=\"cbc0eac\" data-element_type=\"column\">\n\t\t\t<div class=\"elementor-widget-wrap elementor-element-populated\">\n\t\t\t\t\t\t<div class=\"elementor-element elementor-element-ef62652 elementor-widget elementor-widget-heading\" data-id=\"ef62652\" data-element_type=\"widget\" data-widget_type=\"heading.default\">\n\t\t\t\t<div class=\"elementor-widget-container\">\n\t\t\t<h2 class=\"elementor-heading-title elementor-size-default\">Publications<\/h2>\t\t<\/div>\n\t\t\t\t<\/div>\n\t\t\t\t\t<\/div>\n\t\t<\/div>\n\t\t\t\t\t<\/div>\n\t\t<\/section>\n\t\t\t\t<section class=\"elementor-section elementor-top-section elementor-element elementor-element-d047609 elementor-section-boxed elementor-section-height-default elementor-section-height-default\" data-id=\"d047609\" data-element_type=\"section\">\n\t\t\t\t\t\t<div class=\"elementor-container elementor-column-gap-default\">\n\t\t\t\t\t<div class=\"elementor-column elementor-col-100 elementor-top-column elementor-element elementor-element-f03f05d\" data-id=\"f03f05d\" data-element_type=\"column\">\n\t\t\t<div class=\"elementor-widget-wrap elementor-element-populated\">\n\t\t\t\t\t\t<div class=\"elementor-element elementor-element-715030a elementor-widget-divider--view-line elementor-widget elementor-widget-divider\" data-id=\"715030a\" data-element_type=\"widget\" data-widget_type=\"divider.default\">\n\t\t\t\t<div class=\"elementor-widget-container\">\n\t\t\t\t\t<div class=\"elementor-divider\">\n\t\t\t<span class=\"elementor-divider-separator\">\n\t\t\t\t\t\t<\/span>\n\t\t<\/div>\n\t\t\t\t<\/div>\n\t\t\t\t<\/div>\n\t\t\t\t<div class=\"elementor-element elementor-element-3000d5d elementor-widget__width-initial elementor-widget elementor-widget-text-editor\" data-id=\"3000d5d\" data-element_type=\"widget\" data-widget_type=\"text-editor.default\">\n\t\t\t\t<div class=\"elementor-widget-container\">\n\t\t\t\t\t\t\t<p><strong><span face=\"Arial, sans-serif\" style=\"font-family: Arial, sans-serif;\">Published Papers<\/span><\/strong><\/p><p><span style=\"font-family: Arial, sans-serif;\">46. Yibo Yang#, Zengrong Zhou#, Yang Xu, Sijin Li, Feihao Zhang, Zihan Mao, Chunxiao Zhao, Wenjing Duan, Shiyang Lyu, Yunze Zhou, Ziqing Zhang, Wenxin Zhu, Jiandong Feng*. Quantum-sensing-enabled in situ imaging of free radicals in chemical reactions. Nature Catalysis, 2026<span>.<\/span><\/span><\/p><p><span style=\"font-family: Arial, sans-serif;\">45. Wenxin Zhu, Xin Wang, Yuxin Wan, Jiandong Feng*. Advances, Challenges, and Opportunities in Electrochemiluminescence Bioimaging. Chemical &amp; Biomedical Imaging, 2026<span>.<\/span><\/span><\/p><p><span style=\"font-family: Arial, sans-serif;\">44. Yuang Chen, Haojing Tan, Jiahua Zhuang, Yang Xu, Chen Zhang*, Jiandong Feng*. Programmable electric tweezers. Science Advances, 2026, 12, <span>eaec3443.<\/span><\/span><\/p><p><span style=\"font-family: Arial, sans-serif;\">43. Hongzhen Bai, Haojing Tan, Jiandong Feng*. Nanopore-based Single-molecule DNA Sequencing. Acta Chimica Sinica, 2025, 83, 1089-1102.<\/span><\/p><p><span style=\"font-family: Arial, sans-serif;\">42. Yibo Yang#, Lin Xing#, Zengrong Zhou, Yunze Zhou, Kelei Zhu, Shiyang Lyu, Yuqin Wang, Xu Tang, Jinhua Li*, Jiandong Feng*. Microscopic magnetic-field imaging of a single lunar dust grain. Fundamental Research, 2025, 12, <span>007.<\/span><\/span><\/p><p><span style=\"font-family: Arial, sans-serif;\">41. Jiahua Zhuang#, Yang Xu#, Yuxian Lu, Shiyang Lyu, Jie Tan*, Jiandong Feng*.Spatially Resolved Mapping of Voltage-Gated Proton Channel Activity Reveals Delayed Proton Transport in Local Microenvironments. Advanced Science, 2025, e10837.<\/span><span style=\"font-family: Arial, sans-serif; font-size: inherit;\"><\/span><\/p><p><span style=\"font-family: Arial, sans-serif; font-size: inherit;\">40. Yang Xu, Chen Zhang, Yunze Zhou, Jiandong Feng*. A single-nanoprobe-integrated multi-modal microscope (SNIM). Review of Scientific Instruments, 2025, 96, 093702.<\/span><\/p><p><span style=\"font-family: Arial, sans-serif; font-size: inherit;\">39. Tianhui Tan, Zixuan Wang, Chunxiao Zhao, Wenjing Duan, Hongzhen Bai*, Ning Zhang*, Jiandong Feng*. Magnetic sensing of ion transport in a single nanopore. Nano Letters, 2025, 25, 33, 12637-12644.<\/span><\/p><p><span style=\"font-family: Arial, sans-serif; font-size: inherit;\">38. Yang Xu, Yibo Yang, Yuang Chen, Wenxin Zhu, Shiyang Lyu, Chen Zhang, Xingxu Huang, and Jiandong Feng*. Live cell quantum multiphysiology enabled by a manipulable single nanodiamond. National Science Review<\/span><span style=\"font-family: Arial, sans-serif; font-size: inherit;\">, 2025, 12, 6, nawf130.\u00a0<\/span><\/p><p><span style=\"font-family: Arial, sans-serif; font-size: inherit;\">37. Wenjing Duan#, Yibo Yang#, Jianyue He#,\u00a0 Shiyang Lyu, Yuang Chen, Wenxin Zhu, Shaokun Ling, Chen Zhang, Yan-zhen Zheng*, and Jiandong Feng*. Electrically modulated fluorescence in single rare-earth particles. Journal of the Physical Chemistry Letters<\/span><span style=\"font-family: Arial, sans-serif; font-size: inherit;\">, 2025, 16, 3185-3190.\u00a0<\/span><\/p><p><span style=\"font-family: Arial, sans-serif; font-size: inherit;\">36. Chunxiao Zhao, Yibo Yang, Pinlong Zhao, Chongbin Shi, Tianhui Tan, Hongzhen Bai*, and Jiandong Feng*. Tuning the sensitivity of MoS2 nanopores: from labeling to labeling-free detection of DNA methylation. Small Methods, 2024, 2401532.\u00a0<\/span><\/p><p><span style=\"font-family: Arial, sans-serif; font-size: inherit;\">35.Haojing Tan, Zhi He, Ruhong Zhou*, and Jiandong Feng*. Water compression<br \/>induced ionic negative differential resistance in nanopores. The Journal of Chemical Physics, 2024,161, 154701<\/span><\/p><p><span style=\"font-family: Arial, sans-serif; font-size: inherit;\">34. Ziqing Zhang, Jinrun Dong, Yibo Yang, Yuan Zhou, Yuang Chen, Yang Xu, and Jiandong Feng*. Direct probing of single-molecule chemiluminescent reaction dynamics under catalytic conditions in solutio. Nature Communications, 2023, 14, 7993.<\/span><\/p><p><span style=\"font-family: Arial, sans-serif; font-size: inherit;\">33. Fushi Wang, Chunxiao Zhao, Pinlong Zhao, Fanfan Chen, Dan Qiao, and Jiandong Feng*. MoS2 nanopore identifies single amino acids with sub-1 Dalton resolution. Nature Communications, <\/span><span style=\"font-family: Arial, sans-serif;\">2023, <\/span><span style=\"font-family: Arial, sans-serif; font-size: inherit;\">14, 12895.<\/span><\/p><p><span style=\"font-family: Arial, sans-serif; font-size: inherit;\">32. Fanfan Chen, Yunhong Zhao, Anshul Saxena, Chunxiao Zhao, Mengdi Niu, Narayana R Aluru, and Jiandong Feng*. Inducing Electric Current in Graphene Using Ionic Flow. Nano Letters, 2023, .<\/span><\/p><p><span style=\"font-family: Arial, sans-serif; font-size: inherit;\">31. Yuan Zhou, Jinrun Dong, Pinlong Zhao, Jingkang Zhang, Min Zheng*, and Jiandong Feng*. Imaging of Single Bacteria with Electrochemiluminescence Microscopy. Journal of the American Chemical Society, <\/span><span style=\"font-family: Arial, sans-serif;\">2023, <\/span><span style=\"font-family: Arial, sans-serif; font-size: inherit;\">145, 8947-8953.<\/span><\/p><p><span style=\"font-family: Arial, sans-serif; font-size: inherit;\">30. Pinlong Zhao, Wenxin Zhu, Min Zheng*, and Jiandong Feng*. Deep Learning Enhanced Electrochemiluminescence Microscopy. Analytical Chemistry, <\/span><span style=\"font-family: Arial, sans-serif;\">2023, <\/span><span style=\"font-family: Arial, sans-serif; font-size: inherit;\">95, 4803-4809.<\/span><\/p><p><span style=\"font-family: Arial, sans-serif; font-size: inherit;\">29. <span>Yuxian Lu, Pinlong Zhao, and Jiandong Feng*. Spatiotemporal isolation based super\u2010resolution microscopy. <\/span>Chinese Journal of Chemistry<span>, 2023, 41, 1608-1623.<\/span><\/span><\/p><p><span style=\"font-family: Arial, sans-serif; font-size: inherit;\">28. Mengdi Niu, Yuang Chen, Fanfan Chen, Chunxiao Zhao, Yibo Yang, Yang Xu, and Jiandong Feng*. Light-Driven Ion Transport through Single-Heterojunction Nanopores. Nano Letters, <\/span><span style=\"font-family: Arial, sans-serif;\">2023, <\/span><span style=\"font-family: Arial, sans-serif; font-size: inherit;\">23, 1010-1016.<\/span><\/p><p><span style=\"font-family: Arial, sans-serif; font-size: inherit;\">27. Jinrun Dong, and Jiandong Feng*. Electrochemiluminescence from Single Molecule to Imaging. Analytical Chemistry, <\/span><span style=\"font-family: Arial, sans-serif;\">2023, <\/span><span style=\"font-family: Arial, sans-serif; font-size: inherit;\">95, 374-387<\/span><\/p><p><span style=\"font-family: Arial, sans-serif; font-size: inherit;\">26. Wenxin Zhu, Jinrun Dong, Guoxiang Ruan, Yuan Zhou, Prof. Jiandong Feng*. Quantitative Single\u2010Molecule Electrochemiluminescence Bioassay. Angewandte Chemie International Edition, <\/span><span style=\"font-family: Arial, sans-serif;\">2023, <\/span><span style=\"font-family: Arial, sans-serif; font-size: inherit;\">135, e202214419.<\/span><\/p><p><span style=\"font-family: Arial, sans-serif; font-size: inherit;\">25. Dan Qiao, Yuang Chen, Haojing Tan, Ruhong Zhou , Jiandong Feng*<span>. De novo design of transmembrane nanopores. <\/span>Science China Chemistry<span>, 2022, 1-22.<\/span><\/span><\/p><p><span style=\"font-family: Arial, sans-serif; font-size: inherit;\">24.Fanfan Chen, Nagendra Athreya, Chunxiao Zhao,\u00a0 Mingye Xiong, Haojing Tan, Jean-Pierre Leburton, and Jiandong Feng*. Ionic density-dependant dynamic conductance switching in biomimetic graphene nanopores. Journal of the Physical Chemistry Letters<\/span><span style=\"font-family: Arial, sans-serif; font-size: inherit;\">, 2022, 13, 16, 3602-3608.\u00a0<\/span><\/p><p><span style=\"font-family: Arial, sans-serif; font-size: inherit;\">23. Zonglin Gu, Zhi He, Fanfan Chen, Lijun Meng, Jiandong Feng, and Ruhong Zhou*.Ionic Liquid Decelerates Single-Stranded DNA Transport through Molybdenum Disulfide Nanopores. ACS Appl. Mater. Interfaces,\u00a0 2022, 14, 32618\u201332624<\/span><\/p><p><span style=\"font-family: Arial, sans-serif; font-size: inherit;\">22. Jiandong Feng*, Electrochemistry probed one molecule at a time. Current Opinion in Electrochemistry, 2022, 101000.\u00a0<\/span><\/p><p><span style=\"font-family: Arial, sans-serif; font-size: inherit;\">21. Jinrun Dong, Yang Xu, Ziqing Zhang, Jiandong Feng*. Operando Imaging of Chemical Activity on Gold Plates with Single-Molecule Electrochemiluminescence Microscopy. Angewandte Chemie International Edition. 2022, 61, e202200187.\u00a0<\/span><\/p><p><span lang=\"EN-US\" style=\"font-family: Arial, sans-serif;\">20. \u6768\u91d1\u6885\uff0c\u51af\u5efa\u4e1c*\uff0c\u57fa\u4e8e\u5149\u5b66\u6d4b\u91cf\u7684\u7eb3\u7c73\u5b54\u5355\u5206\u5b50\u5206\u6790\u6280\u672f\uff0c\u79d1\u5b66\u901a\u62a5\uff0c2022\uff0c\u5728\u7ebf\u53d1\u8868<\/span><\/p><p><span lang=\"EN-US\" style=\"font-family: Arial, sans-serif;\">19.\u00a0<\/span><span style=\"font-family: Arial, sans-serif;\">Xiaowei Jiang#, Chunxiao Zhao#, Yechan Noh#, Yang Xu, Yuang Chen, Fanfan Chen, Laipeng Ma, Wencai Ren, Narayana R. Aluru, Jiandong Feng*. Nonlinear electrohydrodynamic ion transport in graphene nanopores. Science Advances, 2022, 8, eabj2510.<\/span><\/p><p><span lang=\"EN-US\" style=\"font-family: Arial, sans-serif;\">18. Jinmei Yang#, Yuxian Lu#, Lei Jin, Chunxiao Zhao, Yuang Chen, Yang Xu, Fanfan Chen, Jiandong Feng*. Dynamic optical visualization of proton transport pathways at water-solid interfaces.\u00a0 Angewandte Chemie International Edition, 2022, 61, e202112150<\/span><span style=\"font-family: Arial, sans-serif; font-size: inherit;\">.<\/span><\/p><p><span lang=\"EN-US\" style=\"font-family: Arial, sans-serif;\">17.\u00a0Yuang Chen, Fei Wang, Jiandong Feng*, Chunhai Fan*. Empowering single-molecule analysis with self-assembled DNA nanostructures. Matter, 2021, 4, 3121-3145.<\/span><\/p><p><span lang=\"EN-US\" style=\"font-family: Arial, sans-serif;\">16.\u00a0Xiaowei Jiang, Yuan Zhou, Yuang Chen, Yuanhua Shao, Jiandong Feng*. Etching-engineered low-voltage dielectrophoretic nanotweezers for trapping of single molecules. Analytical Chemistry, 2021, 93, 37, 12549-12555.<\/span><span lang=\"EN-US\" style=\"font-size: 15px;\"><span style=\"font-family: Roboto, arial, sans-serif;\">\u00a0<\/span><\/span><\/p><p><span lang=\"EN-US\" style=\"font-family: Arial, sans-serif;\">15.\u00a0Dan Qiao#, Himanshu Joshi#, Huangtianzhi Zhu, Fushi Wang, Yang Xu, Jia Gao, Feihe Huang, Aleksei Aksimentiev*, Jiandong Feng*.\u00a0Synthetic macrocycle nanopore for potassium-selective transmembrane transport. Journal of the American Chemical Society, 2021, 143, 39, 15975-15983.\u00a0<\/span><\/p><p><span lang=\"EN-US\" style=\"font-family: Arial, sans-serif;\">14. Jinrun Dong#, Yuxian Lu#, Yang Xu, Fanfan Chen, Jinmei Yang, Yuang Chen, Jiandong Feng*.\u00a0Direct imaging of single-molecule electrochemical reactions in solution. Nature, 2021, 596, 244-249.\u00a0<\/span><\/p><p><span lang=\"EN-US\" style=\"font-family: Arial, sans-serif;\">13.\u00a0Fanfan Chen#, Zonglin Gu#, Chunxiao Zhao, Yuang Chen, Xiaowei Jiang, Zhi He, Yuxian Lu, Ruhong Zhou, Jiandong Feng*. Ionic conductance oscillations in sub-nanometer pores probed by optoelectronic control. Matter, 2021, 4,\u00a0<\/span><span style=\"font-family: Arial, sans-serif;\">2378\u20132391<\/span><span style=\"font-family: Arial, sans-serif; font-size: inherit;\">.<\/span><\/p><p><span lang=\"EN-US\" style=\"font-family: Arial, sans-serif;\">12. Hui Zhao, Jinmei Yang, Yuxian Lu, Longhua Tang*, Jiandong Feng*.\u00a0Modulated-light induced photocurrent through the liquid-silicon-liquid interfaces. Optik, 2021, 241: 167218. \u00a0<\/span><\/p><h6 style=\"line-height: 19.5pt; margin: 0cm 0cm 4.0pt 0cm;\"><span lang=\"EN-US\" style=\"font-family: Arial, sans-serif;\">11. Michael Graf, Martina Lihter, Mukeshchand Thakur, Vasileia Georgiou, Juraj Topolancik, B. Robert Ilic, Ke Liu, Jiandong Feng, Yann Astier, and Aleksandra Radenovic*. Fabrication and practical applications of molybdenum disulfide nanopores. Nature Protocols, 2019, 14(4): 1130-1168.<\/span><\/h6><p style=\"line-height: 19.5pt; margin: 0cm 0cm 4.0pt 0cm;\"><span lang=\"EN-US\" style=\"font-family: Arial, sans-serif;\">10. <span style=\"background-image: initial; background-position: initial; background-size: initial; background-repeat: initial; background-attachment: initial; background-origin: initial; background-clip: initial;\">Jean Comtet*, Evgenii Glushkov, Vytautas Navikas, Jiandong Feng*, Vitaliy Babenko, Stephan Hofmann, Kenji Watanabe, Takashi Taniguchi, and Aleksandra Radenovic*, Wide-field spectral super-resolution mapping of optically active defects in hexagonal boron nitride.\u00a0<\/span>Nano Letters, 2019,19(4): 2516-2523.<\/span><\/p><p style=\"line-height: 19.5pt; layout-grid-mode: char; mso-layout-grid-align: none; margin: 0cm 0cm 4.0pt 0cm;\"><span lang=\"EN-US\" style=\"font-family: Arial, sans-serif;\">9.\u00a0Jiandong Feng*, Hendrik Deschout, Sabina Caneva, Stephan Hofmann, Ivor Lon\u010dari\u0107, Predrag Lazi\u0107, Aleksandra Radenovic*, Imaging of optically active defects with nanometer resolution.\u00a0Nano Letters, 2018, 18(3): 1739-1744.<\/span><\/p><p style=\"line-height: 19.5pt; margin: 0cm 0cm 4.0pt 0cm;\"><span lang=\"EN-US\" style=\"font-family: Arial, sans-serif;\">8.\u00a0Jiandong Feng*, Michael Graf, Ke Liu, Dmitry Ovchinnikov,\u00a0Dumitru Dumcenco, Mohammad Heiranian, Vishal Nandigana, Narayana R Aluru, Andras Kis, Aleksandra Radenovic*, Single-layer MoS2 nanopores as osmotic nanopower generators.\u00a0Nature, 2016, 536(7615): 197.<\/span><\/p><p style=\"margin: 0cm 0cm 4pt; line-height: 19.5pt; max-width: 100%; overflow-wrap: break-word;\"><span lang=\"EN-US\" style=\"font-family: Arial, sans-serif;\">7. Jiandong Feng*, Ke Liu, Michael Graf, Dumitru Dumcenco, Andras Kis, Massimiliano Di Ventra, Aleksandra Radenovic*. Observation of ionic Coulomb blockade in nanopores.\u00a0Nature Materials, 2016, 15(8): 850.\u00a0<\/span><\/p><p style=\"margin: 0cm 0cm 4pt; line-height: 19.5pt; max-width: 100%; overflow-wrap: break-word;\"><span lang=\"EN-US\" style=\"font-family: Arial, sans-serif;\">6. Jiandong Feng#, Ke Liu#, Roman D. Bulushev, Sergey Khlybov, Dumitru Dumcenco, Andras Kis, Aleksandra Radenovic*. Identification of single nucleotides in MoS2 nanopores. Nature Nanotechnology, 2015, 10(12): 1070. (equal contribution)<\/span><\/p><p style=\"margin: 0cm 0cm 4pt; line-height: 19.5pt; max-width: 100%; overflow-wrap: break-word;\"><span lang=\"EN-US\" style=\"font-family: Arial, sans-serif;\">5. Jiandong Feng, Ke Liu*, Michael Graf, Martina Lihter, Roman D. Bulushev, Dumitru Dumcenco, Duncan T. L. Alexander, Daria Krasnozhon, Tomislav Vuleti\u0107, Andras Kis, Aleksandra Radenovic*. Electrochemical reaction in single layer MoS2: nanopores opened atom by atom.\u00a0Nano Letters, 2015, 15(5): 3431-3438.<\/span><\/p><p style=\"margin: 0cm 0cm 4pt; line-height: 19.5pt; max-width: 100%; overflow-wrap: break-word;\"><span lang=\"EN-US\" style=\"font-family: Arial, sans-serif;\">4. Ke Liu, Jiandong Feng, Andras Kis, Aleksandra Radenovic*. Atomically thin molybdenum disulfide nanopores with high sensitivity for DNA translocation.\u00a0ACS Nano, 2014, 8(3): 2504-2511.\u00a0<\/span><\/p><p style=\"margin: 0cm 0cm 4pt; line-height: 19.5pt; max-width: 100%; overflow-wrap: break-word;\"><span lang=\"EN-US\" style=\"font-family: Arial, sans-serif;\">3. Xiao Li, Jie Tan, Jiekai Yu, Jiandong Feng, Aiwu Pan, Shu Zheng, Jianmin Wu*. Use of a porous silicon\u2013gold plasmonic nanostructure to enhance serum peptide signals in MALDI-TOF analysis.\u00a0Analytica Chimica Acta, 2014, 849, 27-35.<\/span><\/p><p style=\"margin: 0cm 0cm 4pt; line-height: 19.5pt; max-width: 100%; overflow-wrap: break-word;\"><span lang=\"EN-US\" style=\"font-family: Arial, sans-serif;\">2. Jiandong Feng, Jianmin Wu*. Nanoporous gold channel with attached DNA nanolock for drug screening.\u00a0Small, 2012, 8, 24, 3786\u20133790.<\/span><\/p><p style=\"margin: 0cm 0cm 4pt; line-height: 19.5pt; max-width: 100%; overflow-wrap: break-word;\"><span lang=\"EN-US\" style=\"font-family: Arial, sans-serif;\">1. Jiandong Feng, Weijie Zhao, Bin Su*, Jianmin Wu*. A label-free optical sensor based on nanoporous gold arrays for the detection of oligodeoxynucleotides.\u00a0Biosensor and Bioelectronics, 2011, 30, 21-27.<\/span><\/p>\t\t\t\t\t\t<\/div>\n\t\t\t\t<\/div>\n\t\t\t\t\t<\/div>\n\t\t<\/div>\n\t\t\t\t\t<\/div>\n\t\t<\/section>\n\t\t\t\t<section class=\"elementor-section elementor-top-section elementor-element elementor-element-0493552 elementor-section-boxed elementor-section-height-default elementor-section-height-default\" data-id=\"0493552\" data-element_type=\"section\">\n\t\t\t\t\t\t<div class=\"elementor-container elementor-column-gap-default\">\n\t\t\t\t\t<div class=\"elementor-column elementor-col-100 elementor-top-column elementor-element elementor-element-baa7a0b\" data-id=\"baa7a0b\" data-element_type=\"column\">\n\t\t\t<div class=\"elementor-widget-wrap\">\n\t\t\t\t\t\t\t<\/div>\n\t\t<\/div>\n\t\t\t\t\t<\/div>\n\t\t<\/section>\n\t\t\t\t<\/div>\n\t\t","protected":false},"excerpt":{"rendered":"<p>Publications Published Papers 46. Yibo Yang#, Zeng [&hellip;]<\/p>\n","protected":false},"author":1,"featured_media":0,"parent":0,"menu_order":2,"comment_status":"closed","ping_status":"closed","template":"","meta":{"footnotes":""},"class_list":["post-179","page","type-page","status-publish","hentry"],"_links":{"self":[{"href":"https:\/\/www.feng-lab.com\/index.php?rest_route=\/wp\/v2\/pages\/179"}],"collection":[{"href":"https:\/\/www.feng-lab.com\/index.php?rest_route=\/wp\/v2\/pages"}],"about":[{"href":"https:\/\/www.feng-lab.com\/index.php?rest_route=\/wp\/v2\/types\/page"}],"author":[{"embeddable":true,"href":"https:\/\/www.feng-lab.com\/index.php?rest_route=\/wp\/v2\/users\/1"}],"replies":[{"embeddable":true,"href":"https:\/\/www.feng-lab.com\/index.php?rest_route=%2Fwp%2Fv2%2Fcomments&post=179"}],"version-history":[{"count":99,"href":"https:\/\/www.feng-lab.com\/index.php?rest_route=\/wp\/v2\/pages\/179\/revisions"}],"predecessor-version":[{"id":2327,"href":"https:\/\/www.feng-lab.com\/index.php?rest_route=\/wp\/v2\/pages\/179\/revisions\/2327"}],"wp:attachment":[{"href":"https:\/\/www.feng-lab.com\/index.php?rest_route=%2Fwp%2Fv2%2Fmedia&parent=179"}],"curies":[{"name":"wp","href":"https:\/\/api.w.org\/{rel}","templated":true}]}}